{"id":983,"date":"2021-04-14T19:04:10","date_gmt":"2021-04-14T18:04:10","guid":{"rendered":"https:\/\/lagomsport.com\/alen-sutic-fifa-nogometni-agent\/"},"modified":"2024-04-11T09:49:28","modified_gmt":"2024-04-11T08:49:28","slug":"alen-sutic-fifa-nogometni-agent","status":"publish","type":"page","link":"https:\/\/lagomsport.com\/sl\/","title":{"rendered":"Alen \u0160uti\u0107, FIFA nogometni agent"},"content":{"rendered":"\n<div class=\"wp-block-cover alignfull has-custom-content-position is-position-center-left covertop\"><span aria-hidden=\"true\" class=\"wp-block-cover__background has-2-background-color has-background-dim-40 has-background-dim\"><\/span><img decoding=\"async\" width=\"2200\" height=\"1279\" class=\"wp-block-cover__image-background wp-image-1049\" alt=\"\" src=\"https:\/\/lagomsport.com\/wp-content\/uploads\/2024\/04\/bg-top-2.jpg\" style=\"object-position:77% 0%\" data-object-fit=\"cover\" data-object-position=\"77% 0%\" title=\"\" srcset=\"https:\/\/lagomsport.com\/wp-content\/uploads\/2024\/04\/bg-top-2.jpg 2200w, https:\/\/lagomsport.com\/wp-content\/uploads\/2024\/04\/bg-top-2-800x465.jpg 800w, https:\/\/lagomsport.com\/wp-content\/uploads\/2024\/04\/bg-top-2-400x233.jpg 400w\" sizes=\"(max-width: 2200px) 100vw, 2200px\" \/><div class=\"wp-block-cover__inner-container is-layout-constrained wp-block-cover-is-layout-constrained\">\n<h1 class=\"wp-block-heading\">Alen \u0160uti\u0107<br\/>FIFA nogometni agent<\/h1>\n\n\n\n<figure class=\"wp-block-image size-full is-resized\"><a href=\"https:\/\/lagomsport.com\/wp-content\/uploads\/2024\/02\/logo-fifa.png\"><img decoding=\"async\" width=\"400\" height=\"140\" src=\"https:\/\/lagomsport.com\/wp-content\/uploads\/2024\/02\/logo-fifa.png\" alt=\"\" class=\"wp-image-857\" style=\"width:180px\" title=\"\"><\/a><\/figure>\n\n\n\n<p><br\/><strong>Nogomet je ve\u010d kot le igra &#8211; je na\u010din \u017eivljenja, ki nas povezuje in navdihuje.<\/strong> V mojem srcu je iskrica za nogomet vedno gorela, zdaj pa \u017eelim to strast deliti z vami. Kot nogometni agent se zavzemam za iskanje najbolj\u0161ih talentov, oblikovanje zvezd in zagotavljanje njihovega uspeha tako na igri\u0161\u010du kot zunaj njega. <\/p>\n\n\n\n<div class=\"wp-block-buttons is-layout-flex wp-block-buttons-is-layout-flex\">\n<div class=\"wp-block-button is-style-default\"><a class=\"wp-block-button__link wp-element-button\" href=\"#site-footer\">Kontakt<\/a><\/div>\n<\/div>\n<\/div><\/div>\n\n<div class=\"wp-block-media-text alignwide is-stacked-on-mobile is-vertically-aligned-top\" id=\"about-me\"><figure class=\"wp-block-media-text__media\"><img decoding=\"async\" width=\"932\" height=\"1600\" src=\"https:\/\/lagomsport.com\/wp-content\/uploads\/2024\/02\/portrait-932x1600.jpg\" alt=\"\" class=\"wp-image-870 size-large\" title=\"\" srcset=\"https:\/\/lagomsport.com\/wp-content\/uploads\/2024\/02\/portrait-932x1600.jpg 932w, https:\/\/lagomsport.com\/wp-content\/uploads\/2024\/02\/portrait-466x800.jpg 466w, https:\/\/lagomsport.com\/wp-content\/uploads\/2024\/02\/portrait-233x400.jpg 233w, https:\/\/lagomsport.com\/wp-content\/uploads\/2024\/02\/portrait.jpg 956w\" sizes=\"(max-width: 932px) 100vw, 932px\" \/><\/figure><div class=\"wp-block-media-text__content\">\n<h2 class=\"wp-block-heading is-style-heading-h1\">O meni<\/h2>\n\n\n\n<p>Z navdu\u0161enjem delim del\u010dek svoje poti in kako se je vse skupaj za\u010delo. Skoraj dve desetletji nazaj me je strast do nogometa in futsala pripeljala na igri\u0161\u010de. Toda igra je prevzela nepri\u010dakovan obrat in zna\u0161el sem se potopljen v dinami\u010dnem svetu igralne industrije, kjer sem pre\u017eivel \u0161e dodatnih neverjetnih 20 let.  <\/p>\n\n\n\n<p>Moja pot se je ve\u010dinoma odvijala v prodajnem oddelku, ki me je popeljala na potovanja po celem svetu. Po poti sem imel privilegij sre\u010dati \u0161tevilne izjemne posameznike, med katerimi so mnogi postali dragoceni prijatelji. Ti posamezniki predstavljajo velike podjetja, nekatera od teh velikodu\u0161no podpirajo nogometne klube v svojih dr\u017eavah.  <\/p>\n\n\n\n<p>Pred nekaj leti se je v meni porodila edinstvena ideja &#8211; da se podam v svet nogometnih agentov. Zdelo se je kot popolno sre\u010danje mojega nogometnega znanja, neprecenljivih poslovnih povezav, ki sem jih pridobil skozi leta, in prodajne ekspertize, pridobljene med mojo poklicno potjo. Leta 2018 sem to hrepenenje formaliziral z registracijo kot nogometni agent pri Nogometni zvezi Slovenije.  <\/p>\n\n\n\n<p>Vrhunec nove poti se je zgodil aprila 2023, ko sem uspe\u0161no opravil izpit FIFA agenta po najnovej\u0161ih predpisih. To je mejnik, ki ga nosim s ponosom in je dokaz moje zavezanosti tej novi poti. <\/p>\n\n\n\n<p>Gledam naprej in moja \u017eelja je posvetiti vso svojo pozornost tej vlogi. Svoj prispevek \u017eelim aktivno prispevati k uspe\u0161nim zgodbam mladih in nadarjenih nogometa\u0161ev, igrajo\u010d pomembno vlogo na njihovi poti k odli\u010dnosti. Navdu\u0161en sem nad mo\u017enostmi, ki le\u017eijo pred nami, in prilo\u017enostjo, da pustim pomemben pe\u010dat v svetu nogometa.  <\/p>\n<\/div><\/div>\n","protected":false},"excerpt":{"rendered":"<p>O meni Z navdu\u0161enjem delim del\u010dek svoje poti in kako se je vse skupaj za\u010delo. Skoraj dve desetletji nazaj me je strast do nogometa in futsala pripeljala na igri\u0161\u010de. Toda igra je prevzela nepri\u010dakovan obrat in zna\u0161el sem se potopljen v dinami\u010dnem svetu igralne industrije, kjer sem pre\u017eivel \u0161e dodatnih neverjetnih 20 let. Moja pot [&hellip;]<\/p>\n","protected":false},"author":1,"featured_media":0,"parent":0,"menu_order":0,"comment_status":"closed","ping_status":"closed","template":"","meta":{"footnotes":""},"_links":{"self":[{"href":"https:\/\/lagomsport.com\/sl\/wp-json\/wp\/v2\/pages\/983"}],"collection":[{"href":"https:\/\/lagomsport.com\/sl\/wp-json\/wp\/v2\/pages"}],"about":[{"href":"https:\/\/lagomsport.com\/sl\/wp-json\/wp\/v2\/types\/page"}],"author":[{"embeddable":true,"href":"https:\/\/lagomsport.com\/sl\/wp-json\/wp\/v2\/users\/1"}],"replies":[{"embeddable":true,"href":"https:\/\/lagomsport.com\/sl\/wp-json\/wp\/v2\/comments?post=983"}],"version-history":[{"count":18,"href":"https:\/\/lagomsport.com\/sl\/wp-json\/wp\/v2\/pages\/983\/revisions"}],"predecessor-version":[{"id":1075,"href":"https:\/\/lagomsport.com\/sl\/wp-json\/wp\/v2\/pages\/983\/revisions\/1075"}],"wp:attachment":[{"href":"https:\/\/lagomsport.com\/sl\/wp-json\/wp\/v2\/media?parent=983"}],"curies":[{"name":"wp","href":"https:\/\/api.w.org\/{rel}","templated":true}]}}