{"id":974,"date":"2021-04-14T19:04:10","date_gmt":"2021-04-14T18:04:10","guid":{"rendered":"https:\/\/lagomsport.com\/homepage\/"},"modified":"2024-04-11T09:49:28","modified_gmt":"2024-04-11T08:49:28","slug":"homepage","status":"publish","type":"page","link":"https:\/\/lagomsport.com\/it\/","title":{"rendered":"Alen \u0160uti\u0107, agente di calcio FIFA"},"content":{"rendered":"\n<div class=\"wp-block-cover alignfull has-custom-content-position is-position-center-left covertop\"><span aria-hidden=\"true\" class=\"wp-block-cover__background has-2-background-color has-background-dim-40 has-background-dim\"><\/span><img decoding=\"async\" width=\"2200\" height=\"1279\" class=\"wp-block-cover__image-background wp-image-1049\" alt=\"\" src=\"https:\/\/lagomsport.com\/wp-content\/uploads\/2024\/04\/bg-top-2.jpg\" style=\"object-position:77% 0%\" data-object-fit=\"cover\" data-object-position=\"77% 0%\" title=\"\" srcset=\"https:\/\/lagomsport.com\/wp-content\/uploads\/2024\/04\/bg-top-2.jpg 2200w, https:\/\/lagomsport.com\/wp-content\/uploads\/2024\/04\/bg-top-2-800x465.jpg 800w, https:\/\/lagomsport.com\/wp-content\/uploads\/2024\/04\/bg-top-2-400x233.jpg 400w\" sizes=\"(max-width: 2200px) 100vw, 2200px\" \/><div class=\"wp-block-cover__inner-container is-layout-constrained wp-block-cover-is-layout-constrained\">\n<h1 class=\"wp-block-heading\">Alen \u0160uti\u0107<br\/>FIFA Football Agent<\/h1>\n\n\n\n<figure class=\"wp-block-image size-full is-resized\"><a href=\"https:\/\/lagomsport.com\/wp-content\/uploads\/2024\/02\/logo-fifa.png\"><img decoding=\"async\" width=\"400\" height=\"140\" src=\"https:\/\/lagomsport.com\/wp-content\/uploads\/2024\/02\/logo-fifa.png\" alt=\"\" class=\"wp-image-857\" style=\"width:180px\" title=\"\"><\/a><\/figure>\n\n\n\n<p><br\/><strong>Il calcio \u00e8 pi\u00f9 di una semplice partita: \u00e8 uno stile di vita che ci connette e ci ispira.<\/strong> Nel mio cuore, la passione per il calcio \u00e8 sempre bruciata e ora voglio condividere questa passione con te. Come agente di calcio, mi impegno a cercare i migliori talenti, plasmare le stelle e garantire il loro successo dentro e fuori dal campo.<\/p>\n\n\n\n<div class=\"wp-block-buttons is-layout-flex wp-block-buttons-is-layout-flex\">\n<div class=\"wp-block-button is-style-default\"><a class=\"wp-block-button__link wp-element-button\" href=\"#site-footer\">Contattatemi<\/a><\/div>\n<\/div>\n<\/div><\/div>\n\n<div class=\"wp-block-media-text alignwide is-stacked-on-mobile is-vertically-aligned-top\" id=\"about-me\"><figure class=\"wp-block-media-text__media\"><img decoding=\"async\" width=\"932\" height=\"1600\" src=\"https:\/\/lagomsport.com\/wp-content\/uploads\/2024\/02\/portrait-932x1600.jpg\" alt=\"\" class=\"wp-image-870 size-large\" title=\"\" srcset=\"https:\/\/lagomsport.com\/wp-content\/uploads\/2024\/02\/portrait-932x1600.jpg 932w, https:\/\/lagomsport.com\/wp-content\/uploads\/2024\/02\/portrait-466x800.jpg 466w, https:\/\/lagomsport.com\/wp-content\/uploads\/2024\/02\/portrait-233x400.jpg 233w, https:\/\/lagomsport.com\/wp-content\/uploads\/2024\/02\/portrait.jpg 956w\" sizes=\"(max-width: 932px) 100vw, 932px\" \/><\/figure><div class=\"wp-block-media-text__content\">\n<h2 class=\"wp-block-heading is-style-heading-h1\">Chi sono?<\/h2>\n\n\n\n<p>Sono entusiasta di condividere un po\u2019 della mia esperienza e di come tutto \u00e8 iniziato. Quasi due decenni fa, la mia passione per il calcio e il futsal mi ha portato sul campo. Tuttavia, il gioco ha preso una svolta inaspettata e mi sono trovato immerso nel dinamico mondo dell\u2019industria dei videogiochi, dove ho trascorso altri incredibili due decenni.<\/p>\n\n\n\n<p>Il mio percorso si \u00e8 principalmente sviluppato nel reparto vendite, portandomi in viaggi in tutto il mondo. Lungo il cammino, ho avuto il privilegio di incontrare innumerevoli individui straordinari, molti dei quali sono diventati cari amici. Questi individui rappresentano grandi aziende, molte delle quali generosamente supportano club di calcio nelle rispettive nazioni.<\/p>\n\n\n\n<p>Alcuni anni fa, in me \u00e8 nata un\u2019idea unica: avventurarmi nel campo delle agenzie di calcio. Sembrava la perfetta convergenza della mia conoscenza del calcio, delle preziose connessioni commerciali forgiate nel corso degli anni e dell\u2019esperienza di vendita acquisita durante il mio percorso professionale. Nel 2018, ho formalizzato questo desiderio registrandomi come agente di calcio presso l\u2019Associazione Calcistica della Slovenia.<\/p>\n\n\n\n<p>Il culmine di questa ricerca \u00e8 avvenuto nell\u2019aprile 2023 quando ho superato con successo l\u2019esame per agente FIFA secondo le ultime normative. \u00c8 un traguardo che porto con orgoglio e una testimonianza del mio impegno verso questa nuova strada.<\/p>\n\n\n\n<p>Guardando avanti, il mio obiettivo \u00e8 dedicare completamente la mia attenzione a questo ruolo. Ho l\u2019intenzione di contribuire attivamente alle storie di successo dei giovani e talentuosi calciatori, svolgendo un ruolo fondamentale nel loro percorso verso l\u2019eccellenza. Sono entusiasta delle possibilit\u00e0 che si aprono davanti a me e della possibilit\u00e0 di avere un impatto significativo nel mondo del calcio.<\/p>\n<\/div><\/div>\n","protected":false},"excerpt":{"rendered":"<p>Chi sono? Sono entusiasta di condividere un po\u2019 della mia esperienza e di come tutto \u00e8 iniziato. Quasi due decenni fa, la mia passione per il calcio e il futsal mi ha portato sul campo. Tuttavia, il gioco ha preso una svolta inaspettata e mi sono trovato immerso nel dinamico mondo dell\u2019industria dei videogiochi, dove [&hellip;]<\/p>\n","protected":false},"author":1,"featured_media":0,"parent":0,"menu_order":0,"comment_status":"closed","ping_status":"closed","template":"","meta":{"footnotes":""},"_links":{"self":[{"href":"https:\/\/lagomsport.com\/it\/wp-json\/wp\/v2\/pages\/974"}],"collection":[{"href":"https:\/\/lagomsport.com\/it\/wp-json\/wp\/v2\/pages"}],"about":[{"href":"https:\/\/lagomsport.com\/it\/wp-json\/wp\/v2\/types\/page"}],"author":[{"embeddable":true,"href":"https:\/\/lagomsport.com\/it\/wp-json\/wp\/v2\/users\/1"}],"replies":[{"embeddable":true,"href":"https:\/\/lagomsport.com\/it\/wp-json\/wp\/v2\/comments?post=974"}],"version-history":[{"count":22,"href":"https:\/\/lagomsport.com\/it\/wp-json\/wp\/v2\/pages\/974\/revisions"}],"predecessor-version":[{"id":1074,"href":"https:\/\/lagomsport.com\/it\/wp-json\/wp\/v2\/pages\/974\/revisions\/1074"}],"wp:attachment":[{"href":"https:\/\/lagomsport.com\/it\/wp-json\/wp\/v2\/media?parent=974"}],"curies":[{"name":"wp","href":"https:\/\/api.w.org\/{rel}","templated":true}]}}