{"id":987,"date":"2021-04-14T19:04:10","date_gmt":"2021-04-14T18:04:10","guid":{"rendered":"https:\/\/lagomsport.com\/alen-sutic-agente-de-futbol-de-la-fifa\/"},"modified":"2024-04-11T09:49:28","modified_gmt":"2024-04-11T08:49:28","slug":"alen-sutic-agente-de-futbol-de-la-fifa","status":"publish","type":"page","link":"https:\/\/lagomsport.com\/es\/","title":{"rendered":"Alen \u0160uti\u0107, agente de f\u00fatbol de la FIFA"},"content":{"rendered":"\n<div class=\"wp-block-cover alignfull has-custom-content-position is-position-center-left covertop\"><span aria-hidden=\"true\" class=\"wp-block-cover__background has-2-background-color has-background-dim-40 has-background-dim\"><\/span><img decoding=\"async\" width=\"2200\" height=\"1279\" class=\"wp-block-cover__image-background wp-image-1049\" alt=\"\" src=\"https:\/\/lagomsport.com\/wp-content\/uploads\/2024\/04\/bg-top-2.jpg\" style=\"object-position:77% 0%\" data-object-fit=\"cover\" data-object-position=\"77% 0%\" title=\"\" srcset=\"https:\/\/lagomsport.com\/wp-content\/uploads\/2024\/04\/bg-top-2.jpg 2200w, https:\/\/lagomsport.com\/wp-content\/uploads\/2024\/04\/bg-top-2-800x465.jpg 800w, https:\/\/lagomsport.com\/wp-content\/uploads\/2024\/04\/bg-top-2-400x233.jpg 400w\" sizes=\"(max-width: 2200px) 100vw, 2200px\" \/><div class=\"wp-block-cover__inner-container is-layout-constrained wp-block-cover-is-layout-constrained\">\n<h1 class=\"wp-block-heading\">Alen \u0160uti\u0107<br\/>Agente de f\u00fatbol de la FIFA<\/h1>\n\n\n\n<figure class=\"wp-block-image size-full is-resized\"><a href=\"https:\/\/lagomsport.com\/wp-content\/uploads\/2024\/02\/logo-fifa.png\"><img decoding=\"async\" width=\"400\" height=\"140\" src=\"https:\/\/lagomsport.com\/wp-content\/uploads\/2024\/02\/logo-fifa.png\" alt=\"\" class=\"wp-image-857\" style=\"width:180px\" title=\"\"><\/a><\/figure>\n\n\n\n<p><br\/><strong>El f\u00fatbol es m\u00e1s que un simple juego; es una forma de vida que nos conecta e inspira.<\/strong> En mi coraz\u00f3n, la chispa por el f\u00fatbol siempre ha ardido, y ahora quiero compartir esta pasi\u00f3n contigo. Como agente de futbolistas, estoy comprometido en buscar los mejores talentos, moldear estrellas y garantizar su \u00e9xito dentro y fuera del campo.<\/p>\n\n\n\n<div class=\"wp-block-buttons is-layout-flex wp-block-buttons-is-layout-flex\">\n<div class=\"wp-block-button is-style-default\"><a class=\"wp-block-button__link wp-element-button\" href=\"#site-footer\">Contacto<\/a><\/div>\n<\/div>\n<\/div><\/div>\n\n<div class=\"wp-block-media-text alignwide is-stacked-on-mobile is-vertically-aligned-top\" id=\"about-me\"><figure class=\"wp-block-media-text__media\"><img decoding=\"async\" width=\"932\" height=\"1600\" src=\"https:\/\/lagomsport.com\/wp-content\/uploads\/2024\/02\/portrait-932x1600.jpg\" alt=\"\" class=\"wp-image-870 size-large\" title=\"\" srcset=\"https:\/\/lagomsport.com\/wp-content\/uploads\/2024\/02\/portrait-932x1600.jpg 932w, https:\/\/lagomsport.com\/wp-content\/uploads\/2024\/02\/portrait-466x800.jpg 466w, https:\/\/lagomsport.com\/wp-content\/uploads\/2024\/02\/portrait-233x400.jpg 233w, https:\/\/lagomsport.com\/wp-content\/uploads\/2024\/02\/portrait.jpg 956w\" sizes=\"(max-width: 932px) 100vw, 932px\" \/><\/figure><div class=\"wp-block-media-text__content\">\n<h2 class=\"wp-block-heading is-style-heading-h1\">Sobre m\u00ed<\/h2>\n\n\n\n<p>Estoy emocionado de compartir un poco sobre mi viaje y c\u00f3mo todo comenz\u00f3. Hace casi dos d\u00e9cadas, mi pasi\u00f3n por el f\u00fatbol y el futsal me llev\u00f3 al campo. Sin embargo, en un giro inesperado, me encontr\u00e9 inmerso en el din\u00e1mico mundo de la industria de los videojuegos, donde he pasado otras incre\u00edbles dos d\u00e9cadas.<\/p>\n\n\n\n<p>Mi viaje se desarroll\u00f3 principalmente en el departamento de ventas, llev\u00e1ndome a viajar por todo el mundo. En el camino, tuve el privilegio de conocer a innumerables personas incre\u00edbles, muchas de las cuales se han convertido en amigos entra\u00f1ables. Estas personas representan a importantes empresas, varias de las cuales apoyan generosamente a clubes de f\u00fatbol en sus respectivas naciones.<\/p>\n\n\n\n<p>Hace unos a\u00f1os, una idea \u00fanica germin\u00f3 dentro de m\u00ed: aventurarme en el \u00e1mbito de la agencia de f\u00fatbol. Parec\u00eda la convergencia perfecta de mi conocimiento sobre f\u00fatbol, las valiosas conexiones comerciales forjadas a lo largo de los a\u00f1os y la experiencia en ventas adquirida durante mi trayectoria profesional. En 2018, formalic\u00e9 esta aspiraci\u00f3n registr\u00e1ndome como agente de f\u00fatbol en la Asociaci\u00f3n de F\u00fatbol de Eslovenia.<\/p>\n\n\n\n<p>La culminaci\u00f3n de esta b\u00fasqueda ocurri\u00f3 en abril de 2023, cuando super\u00e9 con \u00e9xito el examen de agente de la FIFA bajo las \u00faltimas regulaciones. Es un hito que llevo con orgullo y un testimonio de mi compromiso con este nuevo camino.<\/p>\n\n\n\n<p>Mirando hacia el futuro, mi aspiraci\u00f3n es dedicar mi atenci\u00f3n exclusivamente a este rol. Mi objetivo es contribuir activamente a las historias de \u00e9xito de j\u00f3venes talentosos jugadores de f\u00fatbol, desempe\u00f1ando un papel fundamental en su camino hacia la excelencia. Estoy emocionado por las posibilidades que se presentan y por la oportunidad de tener un impacto significativo en el mundo del f\u00fatbol.<\/p>\n<\/div><\/div>\n","protected":false},"excerpt":{"rendered":"<p>Sobre m\u00ed Estoy emocionado de compartir un poco sobre mi viaje y c\u00f3mo todo comenz\u00f3. Hace casi dos d\u00e9cadas, mi pasi\u00f3n por el f\u00fatbol y el futsal me llev\u00f3 al campo. Sin embargo, en un giro inesperado, me encontr\u00e9 inmerso en el din\u00e1mico mundo de la industria de los videojuegos, donde he pasado otras incre\u00edbles [&hellip;]<\/p>\n","protected":false},"author":1,"featured_media":0,"parent":0,"menu_order":0,"comment_status":"closed","ping_status":"closed","template":"","meta":{"footnotes":""},"_links":{"self":[{"href":"https:\/\/lagomsport.com\/es\/wp-json\/wp\/v2\/pages\/987"}],"collection":[{"href":"https:\/\/lagomsport.com\/es\/wp-json\/wp\/v2\/pages"}],"about":[{"href":"https:\/\/lagomsport.com\/es\/wp-json\/wp\/v2\/types\/page"}],"author":[{"embeddable":true,"href":"https:\/\/lagomsport.com\/es\/wp-json\/wp\/v2\/users\/1"}],"replies":[{"embeddable":true,"href":"https:\/\/lagomsport.com\/es\/wp-json\/wp\/v2\/comments?post=987"}],"version-history":[{"count":14,"href":"https:\/\/lagomsport.com\/es\/wp-json\/wp\/v2\/pages\/987\/revisions"}],"predecessor-version":[{"id":1076,"href":"https:\/\/lagomsport.com\/es\/wp-json\/wp\/v2\/pages\/987\/revisions\/1076"}],"wp:attachment":[{"href":"https:\/\/lagomsport.com\/es\/wp-json\/wp\/v2\/media?parent=987"}],"curies":[{"name":"wp","href":"https:\/\/api.w.org\/{rel}","templated":true}]}}